{"id":16,"date":"2020-11-24T11:49:07","date_gmt":"2020-11-24T11:49:07","guid":{"rendered":"https:\/\/zurawska-interior.pl\/?page_id=16"},"modified":"2026-03-18T10:01:28","modified_gmt":"2026-03-18T10:01:28","slug":"kontakt","status":"publish","type":"page","link":"https:\/\/zurawska-interior.pl\/?page_id=16","title":{"rendered":"Kontakt"},"content":{"rendered":"\t\t<div data-elementor-type=\"wp-page\" data-elementor-id=\"16\" class=\"elementor elementor-16\">\n\t\t\t\t\t\t<section class=\"elementor-section elementor-top-section elementor-element elementor-element-383e8fed elementor-section-boxed elementor-section-height-default elementor-section-height-default\" data-id=\"383e8fed\" data-element_type=\"section\" data-e-type=\"section\">\n\t\t\t\t\t\t<div class=\"elementor-container elementor-column-gap-default\">\n\t\t\t\t\t<div class=\"elementor-column elementor-col-100 elementor-top-column elementor-element elementor-element-67abb79\" data-id=\"67abb79\" data-element_type=\"column\" data-e-type=\"column\">\n\t\t\t<div class=\"elementor-widget-wrap elementor-element-populated\">\n\t\t\t\t\t\t\t<\/div>\n\t\t<\/div>\n\t\t\t\t\t<\/div>\n\t\t<\/section>\n\t\t\t\t<section class=\"elementor-section elementor-top-section elementor-element elementor-element-f156d16 elementor-section-boxed elementor-section-height-default elementor-section-height-default\" data-id=\"f156d16\" data-element_type=\"section\" data-e-type=\"section\">\n\t\t\t\t\t\t<div class=\"elementor-container elementor-column-gap-default\">\n\t\t\t\t\t<div class=\"elementor-column elementor-col-100 elementor-top-column elementor-element elementor-element-2f971c8\" data-id=\"2f971c8\" data-element_type=\"column\" data-e-type=\"column\">\n\t\t\t<div class=\"elementor-widget-wrap elementor-element-populated\">\n\t\t\t\t\t\t<div class=\"elementor-element elementor-element-0b9ed77 elementor-widget elementor-widget-text-editor\" data-id=\"0b9ed77\" data-element_type=\"widget\" data-e-type=\"widget\" data-widget_type=\"text-editor.default\">\n\t\t\t\t<div class=\"elementor-widget-container\">\n\t\t\t\t\t\t\t\t\t<p><span style=\"font-weight: 400;\">Kto\u015b mi kiedy\u015b powiedzia\u0142, \u017ce hobby nie mo\u017ce by\u0107 prac\u0105, a jednak!<\/span><\/p><p><span style=\"font-weight: 400;\">Projektowanie wn\u0119trz wzi\u0119\u0142o si\u0119 z pasji, a zaw\u00f3d architekta wn\u0119trz dostarcza mi wiele codziennych przyjemno\u015bci.<\/span><span style=\"font-weight: 400;\"><br \/><\/span><span style=\"font-weight: 400;\"><br \/><\/span><span style=\"font-weight: 400;\">W swojej ofercie zak\u0142adam ro\u0301z\u0307ne warianty us\u0142ug, wi\u0119c na pewno znajdziesz odpowiedni\u0105 dla siebie.<\/span><span style=\"font-weight: 400;\"><br \/><\/span><span style=\"font-weight: 400;\"><br \/><\/span><span style=\"font-weight: 400;\">Pami\u0119taj, \u017ce tworzenie funkcjonalnej przestrzeni, dopasowanej do Twoich potrzeb i gustu jest dla mnie priorytetem. Projektuj\u0119 dla Ciebie.<\/span><span style=\"font-weight: 400;\"><br \/><\/span><span style=\"font-weight: 400;\"><br \/><\/span><span style=\"font-weight: 400;\">Zapraszam do kontaktu oraz po wi\u0119cej informacji.<\/span><\/p>\t\t\t\t\t\t\t\t<\/div>\n\t\t\t\t<\/div>\n\t\t\t\t\t<\/div>\n\t\t<\/div>\n\t\t\t\t\t<\/div>\n\t\t<\/section>\n\t\t\t\t<section class=\"elementor-section elementor-top-section elementor-element elementor-element-6d5eb06 elementor-section-content-middle elementor-section-boxed elementor-section-height-default elementor-section-height-default\" data-id=\"6d5eb06\" data-element_type=\"section\" data-e-type=\"section\">\n\t\t\t\t\t\t<div class=\"elementor-container elementor-column-gap-default\">\n\t\t\t\t\t<div class=\"elementor-column elementor-col-50 elementor-top-column elementor-element elementor-element-aaf7bdd\" data-id=\"aaf7bdd\" data-element_type=\"column\" data-e-type=\"column\">\n\t\t\t<div class=\"elementor-widget-wrap elementor-element-populated\">\n\t\t\t\t\t\t<div class=\"elementor-element elementor-element-e5f0c8e elementor-widget elementor-widget-text-editor\" data-id=\"e5f0c8e\" data-element_type=\"widget\" data-e-type=\"widget\" data-widget_type=\"text-editor.default\">\n\t\t\t\t<div class=\"elementor-widget-container\">\n\t\t\t\t\t\t\t\t\t<p>Boya \u017bele\u0144skiego 4\/202<br \/>00-621 Warszawa<\/p><p>Tel: +48 698 494 320<br \/>Email: pracownia@zurawska-interior.pl<\/p><p>Godziny otwarcia:<br \/>Pon-pt 10:00 &#8211; 18:00<\/p>\t\t\t\t\t\t\t\t<\/div>\n\t\t\t\t<\/div>\n\t\t\t\t<div class=\"elementor-element elementor-element-7e7f99e elementor-button-align-start elementor-widget elementor-widget-form\" data-id=\"7e7f99e\" data-element_type=\"widget\" data-e-type=\"widget\" data-settings=\"{&quot;step_next_label&quot;:&quot;Next&quot;,&quot;step_previous_label&quot;:&quot;Previous&quot;,&quot;button_width&quot;:&quot;100&quot;,&quot;step_type&quot;:&quot;number_text&quot;,&quot;step_icon_shape&quot;:&quot;circle&quot;}\" data-widget_type=\"form.default\">\n\t\t\t\t<div class=\"elementor-widget-container\">\n\t\t\t\t\t\t\t<form class=\"elementor-form\" method=\"post\" name=\"New Form\">\n\t\t\t<input type=\"hidden\" name=\"post_id\" value=\"16\"\/>\n\t\t\t<input type=\"hidden\" name=\"form_id\" value=\"7e7f99e\"\/>\n\n\t\t\t\n\t\t\t<div class=\"elementor-form-fields-wrapper elementor-labels-above\">\n\t\t\t\t\t\t\t\t<div class=\"elementor-field-type-email elementor-field-group elementor-column elementor-field-group-email elementor-col-100 elementor-field-required\">\n\t\t\t\t\t<label for=\"form-field-email\" class=\"elementor-field-label\">Email<\/label><input size=\"1\" type=\"email\" name=\"form_fields[email]\" id=\"form-field-email\" class=\"elementor-field elementor-size-sm  elementor-field-textual\" placeholder=\"Email\" required=\"required\" aria-required=\"true\">\t\t\t\t<\/div>\n\t\t\t\t\t\t\t\t<div class=\"elementor-field-type-textarea elementor-field-group elementor-column elementor-field-group-message elementor-col-100 elementor-field-required\">\n\t\t\t\t\t<label for=\"form-field-message\" class=\"elementor-field-label\">Wiadomo\u015b\u0107<\/label><textarea class=\"elementor-field-textual elementor-field  elementor-size-sm\" name=\"form_fields[message]\" id=\"form-field-message\" rows=\"4\" placeholder=\"Wiadomo\u015b\u0107\" required=\"required\" aria-required=\"true\"><\/textarea>\t\t\t\t<\/div>\n\t\t\t\t\t\t\t\t<div class=\"elementor-field-group elementor-column elementor-field-type-submit elementor-col-100 e-form__buttons\">\n\t\t\t\t\t<button type=\"submit\" class=\"elementor-button elementor-size-sm\">\n\t\t\t\t\t\t<span >\n\t\t\t\t\t\t\t\t\t\t\t\t\t\t\t<span class=\" elementor-button-icon\">\n\t\t\t\t\t\t\t\t\t\t\t\t\t\t\t\t\t\t\t\t\t\t\t\t\t\t<\/span>\n\t\t\t\t\t\t\t\t\t\t\t\t\t\t\t\t\t\t\t\t\t\t<span class=\"elementor-button-text\">Wy\u015blij<\/span>\n\t\t\t\t\t\t\t\t\t\t\t\t\t<\/span>\n\t\t\t\t\t<\/button>\n\t\t\t\t<\/div>\n\t\t\t<\/div>\n\t\t<\/form>\n\t\t\t\t\t\t<\/div>\n\t\t\t\t<\/div>\n\t\t\t\t\t<\/div>\n\t\t<\/div>\n\t\t\t\t<div class=\"elementor-column elementor-col-50 elementor-top-column elementor-element elementor-element-49af552\" data-id=\"49af552\" data-element_type=\"column\" data-e-type=\"column\">\n\t\t\t<div class=\"elementor-widget-wrap elementor-element-populated\">\n\t\t\t\t\t\t<div class=\"elementor-element elementor-element-493d752 elementor-widget elementor-widget-image\" data-id=\"493d752\" data-element_type=\"widget\" data-e-type=\"widget\" data-widget_type=\"image.default\">\n\t\t\t\t<div class=\"elementor-widget-container\">\n\t\t\t\t\t\t\t\t\t\t\t\t\t\t\t<img fetchpriority=\"high\" decoding=\"async\" width=\"580\" height=\"680\" src=\"https:\/\/zurawska-interior.pl\/wp-content\/uploads\/2020\/12\/pexels-pegah-4806731-874x1024.jpg\" class=\"attachment-large size-large wp-image-328\" alt=\"\" srcset=\"https:\/\/zurawska-interior.pl\/wp-content\/uploads\/2020\/12\/pexels-pegah-4806731-874x1024.jpg 874w, https:\/\/zurawska-interior.pl\/wp-content\/uploads\/2020\/12\/pexels-pegah-4806731-256x300.jpg 256w, https:\/\/zurawska-interior.pl\/wp-content\/uploads\/2020\/12\/pexels-pegah-4806731-768x900.jpg 768w, https:\/\/zurawska-interior.pl\/wp-content\/uploads\/2020\/12\/pexels-pegah-4806731-1310x1536.jpg 1310w, https:\/\/zurawska-interior.pl\/wp-content\/uploads\/2020\/12\/pexels-pegah-4806731-1747x2048.jpg 1747w, https:\/\/zurawska-interior.pl\/wp-content\/uploads\/2020\/12\/pexels-pegah-4806731-1200x1407.jpg 1200w, https:\/\/zurawska-interior.pl\/wp-content\/uploads\/2020\/12\/pexels-pegah-4806731-1980x2321.jpg 1980w, https:\/\/zurawska-interior.pl\/wp-content\/uploads\/2020\/12\/pexels-pegah-4806731-scaled.jpg 1638w\" sizes=\"(max-width: 580px) 100vw, 580px\" \/>\t\t\t\t\t\t\t\t\t\t\t\t\t\t\t<\/div>\n\t\t\t\t<\/div>\n\t\t\t\t\t<\/div>\n\t\t<\/div>\n\t\t\t\t\t<\/div>\n\t\t<\/section>\n\t\t\t\t<\/div>\n\t\t","protected":false},"excerpt":{"rendered":"<p>Kto\u015b mi kiedy\u015b powiedzia\u0142, \u017ce hobby nie mo\u017ce by\u0107 prac\u0105, a jednak! Projektowanie wn\u0119trz wzi\u0119\u0142o si\u0119 z pasji, a zaw\u00f3d architekta wn\u0119trz dostarcza mi wiele codziennych przyjemno\u015bci. W swojej ofercie zak\u0142adam ro\u0301z\u0307ne warianty us\u0142ug, wi\u0119c na pewno znajdziesz odpowiedni\u0105 dla siebie. Pami\u0119taj, \u017ce tworzenie funkcjonalnej przestrzeni, dopasowanej do Twoich potrzeb i gustu jest dla mnie [&hellip;]<\/p>\n","protected":false},"author":1,"featured_media":0,"parent":0,"menu_order":0,"comment_status":"closed","ping_status":"closed","template":"elementor_header_footer","meta":{"footnotes":""},"class_list":["post-16","page","type-page","status-publish","hentry"],"yoast_head":"<!-- This site is optimized with the Yoast SEO plugin v24.6 - https:\/\/yoast.com\/wordpress\/plugins\/seo\/ -->\n<title>Kontakt - \u017burawska Interior<\/title>\n<meta name=\"robots\" content=\"index, follow, max-snippet:-1, max-image-preview:large, max-video-preview:-1\" \/>\n<link rel=\"canonical\" href=\"https:\/\/zurawska-interior.pl\/?page_id=16\" \/>\n<meta property=\"og:locale\" content=\"pl_PL\" \/>\n<meta property=\"og:type\" content=\"article\" \/>\n<meta property=\"og:title\" content=\"Kontakt - \u017burawska Interior\" \/>\n<meta property=\"og:description\" content=\"Kto\u015b mi kiedy\u015b powiedzia\u0142, \u017ce hobby nie mo\u017ce by\u0107 prac\u0105, a jednak! Projektowanie wn\u0119trz wzi\u0119\u0142o si\u0119 z pasji, a zaw\u00f3d architekta wn\u0119trz dostarcza mi wiele codziennych przyjemno\u015bci. W swojej ofercie zak\u0142adam ro\u0301z\u0307ne warianty us\u0142ug, wi\u0119c na pewno znajdziesz odpowiedni\u0105 dla siebie. Pami\u0119taj, \u017ce tworzenie funkcjonalnej przestrzeni, dopasowanej do Twoich potrzeb i gustu jest dla mnie [&hellip;]\" \/>\n<meta property=\"og:url\" content=\"https:\/\/zurawska-interior.pl\/?page_id=16\" \/>\n<meta property=\"og:site_name\" content=\"\u017burawska Interior\" \/>\n<meta property=\"article:modified_time\" content=\"2026-03-18T10:01:28+00:00\" \/>\n<meta property=\"og:image\" content=\"https:\/\/zurawska-interior.pl\/wp-content\/uploads\/2020\/12\/pexels-pegah-4806731-scaled.jpg\" \/>\n\t<meta property=\"og:image:width\" content=\"1638\" \/>\n\t<meta property=\"og:image:height\" content=\"1920\" \/>\n\t<meta property=\"og:image:type\" content=\"image\/jpeg\" \/>\n<meta name=\"twitter:card\" content=\"summary_large_image\" \/>\n<meta name=\"twitter:label1\" content=\"Szacowany czas czytania\" \/>\n\t<meta name=\"twitter:data1\" content=\"1 minuta\" \/>\n<script type=\"application\/ld+json\" class=\"yoast-schema-graph\">{\"@context\":\"https:\/\/schema.org\",\"@graph\":[{\"@type\":\"WebPage\",\"@id\":\"https:\/\/zurawska-interior.pl\/?page_id=16\",\"url\":\"https:\/\/zurawska-interior.pl\/?page_id=16\",\"name\":\"Kontakt - \u017burawska Interior\",\"isPartOf\":{\"@id\":\"https:\/\/zurawska-interior.pl\/#website\"},\"primaryImageOfPage\":{\"@id\":\"https:\/\/zurawska-interior.pl\/?page_id=16#primaryimage\"},\"image\":{\"@id\":\"https:\/\/zurawska-interior.pl\/?page_id=16#primaryimage\"},\"thumbnailUrl\":\"https:\/\/zurawska-interior.pl\/wp-content\/uploads\/2020\/12\/pexels-pegah-4806731-874x1024.jpg\",\"datePublished\":\"2020-11-24T11:49:07+00:00\",\"dateModified\":\"2026-03-18T10:01:28+00:00\",\"breadcrumb\":{\"@id\":\"https:\/\/zurawska-interior.pl\/?page_id=16#breadcrumb\"},\"inLanguage\":\"pl-PL\",\"potentialAction\":[{\"@type\":\"ReadAction\",\"target\":[\"https:\/\/zurawska-interior.pl\/?page_id=16\"]}]},{\"@type\":\"ImageObject\",\"inLanguage\":\"pl-PL\",\"@id\":\"https:\/\/zurawska-interior.pl\/?page_id=16#primaryimage\",\"url\":\"https:\/\/zurawska-interior.pl\/wp-content\/uploads\/2020\/12\/pexels-pegah-4806731-scaled.jpg\",\"contentUrl\":\"https:\/\/zurawska-interior.pl\/wp-content\/uploads\/2020\/12\/pexels-pegah-4806731-scaled.jpg\",\"width\":1638,\"height\":1920},{\"@type\":\"BreadcrumbList\",\"@id\":\"https:\/\/zurawska-interior.pl\/?page_id=16#breadcrumb\",\"itemListElement\":[{\"@type\":\"ListItem\",\"position\":1,\"name\":\"Strona g\u0142\u00f3wna\",\"item\":\"https:\/\/zurawska-interior.pl\/\"},{\"@type\":\"ListItem\",\"position\":2,\"name\":\"Kontakt\"}]},{\"@type\":\"WebSite\",\"@id\":\"https:\/\/zurawska-interior.pl\/#website\",\"url\":\"https:\/\/zurawska-interior.pl\/\",\"name\":\"\u017burawska Interior\",\"description\":\"\u017burawska Interior to pracownia projektowania wn\u0119trz, prowadzona przez Ewelin\u0119 \u017burawska. Projektujemy wn\u0119trza z pask\u0105, w zgodzie z funkcjonalno\u015bci\u0105, ergonomi\u0105 oraz dobrym designem.\",\"potentialAction\":[{\"@type\":\"SearchAction\",\"target\":{\"@type\":\"EntryPoint\",\"urlTemplate\":\"https:\/\/zurawska-interior.pl\/?s={search_term_string}\"},\"query-input\":{\"@type\":\"PropertyValueSpecification\",\"valueRequired\":true,\"valueName\":\"search_term_string\"}}],\"inLanguage\":\"pl-PL\"}]}<\/script>\n<!-- \/ Yoast SEO plugin. -->","yoast_head_json":{"title":"Kontakt - \u017burawska Interior","robots":{"index":"index","follow":"follow","max-snippet":"max-snippet:-1","max-image-preview":"max-image-preview:large","max-video-preview":"max-video-preview:-1"},"canonical":"https:\/\/zurawska-interior.pl\/?page_id=16","og_locale":"pl_PL","og_type":"article","og_title":"Kontakt - \u017burawska Interior","og_description":"Kto\u015b mi kiedy\u015b powiedzia\u0142, \u017ce hobby nie mo\u017ce by\u0107 prac\u0105, a jednak! Projektowanie wn\u0119trz wzi\u0119\u0142o si\u0119 z pasji, a zaw\u00f3d architekta wn\u0119trz dostarcza mi wiele codziennych przyjemno\u015bci. W swojej ofercie zak\u0142adam ro\u0301z\u0307ne warianty us\u0142ug, wi\u0119c na pewno znajdziesz odpowiedni\u0105 dla siebie. Pami\u0119taj, \u017ce tworzenie funkcjonalnej przestrzeni, dopasowanej do Twoich potrzeb i gustu jest dla mnie [&hellip;]","og_url":"https:\/\/zurawska-interior.pl\/?page_id=16","og_site_name":"\u017burawska Interior","article_modified_time":"2026-03-18T10:01:28+00:00","og_image":[{"width":1638,"height":1920,"url":"https:\/\/zurawska-interior.pl\/wp-content\/uploads\/2020\/12\/pexels-pegah-4806731-scaled.jpg","type":"image\/jpeg"}],"twitter_card":"summary_large_image","twitter_misc":{"Szacowany czas czytania":"1 minuta"},"schema":{"@context":"https:\/\/schema.org","@graph":[{"@type":"WebPage","@id":"https:\/\/zurawska-interior.pl\/?page_id=16","url":"https:\/\/zurawska-interior.pl\/?page_id=16","name":"Kontakt - \u017burawska Interior","isPartOf":{"@id":"https:\/\/zurawska-interior.pl\/#website"},"primaryImageOfPage":{"@id":"https:\/\/zurawska-interior.pl\/?page_id=16#primaryimage"},"image":{"@id":"https:\/\/zurawska-interior.pl\/?page_id=16#primaryimage"},"thumbnailUrl":"https:\/\/zurawska-interior.pl\/wp-content\/uploads\/2020\/12\/pexels-pegah-4806731-874x1024.jpg","datePublished":"2020-11-24T11:49:07+00:00","dateModified":"2026-03-18T10:01:28+00:00","breadcrumb":{"@id":"https:\/\/zurawska-interior.pl\/?page_id=16#breadcrumb"},"inLanguage":"pl-PL","potentialAction":[{"@type":"ReadAction","target":["https:\/\/zurawska-interior.pl\/?page_id=16"]}]},{"@type":"ImageObject","inLanguage":"pl-PL","@id":"https:\/\/zurawska-interior.pl\/?page_id=16#primaryimage","url":"https:\/\/zurawska-interior.pl\/wp-content\/uploads\/2020\/12\/pexels-pegah-4806731-scaled.jpg","contentUrl":"https:\/\/zurawska-interior.pl\/wp-content\/uploads\/2020\/12\/pexels-pegah-4806731-scaled.jpg","width":1638,"height":1920},{"@type":"BreadcrumbList","@id":"https:\/\/zurawska-interior.pl\/?page_id=16#breadcrumb","itemListElement":[{"@type":"ListItem","position":1,"name":"Strona g\u0142\u00f3wna","item":"https:\/\/zurawska-interior.pl\/"},{"@type":"ListItem","position":2,"name":"Kontakt"}]},{"@type":"WebSite","@id":"https:\/\/zurawska-interior.pl\/#website","url":"https:\/\/zurawska-interior.pl\/","name":"\u017burawska Interior","description":"\u017burawska Interior to pracownia projektowania wn\u0119trz, prowadzona przez Ewelin\u0119 \u017burawska. Projektujemy wn\u0119trza z pask\u0105, w zgodzie z funkcjonalno\u015bci\u0105, ergonomi\u0105 oraz dobrym designem.","potentialAction":[{"@type":"SearchAction","target":{"@type":"EntryPoint","urlTemplate":"https:\/\/zurawska-interior.pl\/?s={search_term_string}"},"query-input":{"@type":"PropertyValueSpecification","valueRequired":true,"valueName":"search_term_string"}}],"inLanguage":"pl-PL"}]}},"rttpg_featured_image_url":null,"rttpg_author":{"display_name":"admin","author_link":"https:\/\/zurawska-interior.pl\/?author=1"},"rttpg_comment":0,"rttpg_category":null,"rttpg_excerpt":"Kto\u015b mi kiedy\u015b powiedzia\u0142, \u017ce hobby nie mo\u017ce by\u0107 prac\u0105, a jednak! Projektowanie wn\u0119trz wzi\u0119\u0142o si\u0119 z pasji, a zaw\u00f3d architekta wn\u0119trz dostarcza mi wiele codziennych przyjemno\u015bci. W swojej ofercie zak\u0142adam ro\u0301z\u0307ne warianty us\u0142ug, wi\u0119c na pewno znajdziesz odpowiedni\u0105 dla siebie. Pami\u0119taj, \u017ce tworzenie funkcjonalnej przestrzeni, dopasowanej do Twoich potrzeb i gustu jest dla mnie&hellip;","_links":{"self":[{"href":"https:\/\/zurawska-interior.pl\/index.php?rest_route=\/wp\/v2\/pages\/16","targetHints":{"allow":["GET"]}}],"collection":[{"href":"https:\/\/zurawska-interior.pl\/index.php?rest_route=\/wp\/v2\/pages"}],"about":[{"href":"https:\/\/zurawska-interior.pl\/index.php?rest_route=\/wp\/v2\/types\/page"}],"author":[{"embeddable":true,"href":"https:\/\/zurawska-interior.pl\/index.php?rest_route=\/wp\/v2\/users\/1"}],"replies":[{"embeddable":true,"href":"https:\/\/zurawska-interior.pl\/index.php?rest_route=%2Fwp%2Fv2%2Fcomments&post=16"}],"version-history":[{"count":49,"href":"https:\/\/zurawska-interior.pl\/index.php?rest_route=\/wp\/v2\/pages\/16\/revisions"}],"predecessor-version":[{"id":1505,"href":"https:\/\/zurawska-interior.pl\/index.php?rest_route=\/wp\/v2\/pages\/16\/revisions\/1505"}],"wp:attachment":[{"href":"https:\/\/zurawska-interior.pl\/index.php?rest_route=%2Fwp%2Fv2%2Fmedia&parent=16"}],"curies":[{"name":"wp","href":"https:\/\/api.w.org\/{rel}","templated":true}]}}